{"id":415,"date":"2020-04-01T18:26:48","date_gmt":"2020-04-01T16:26:48","guid":{"rendered":"http:\/\/stomatologia-siweccy.pl\/?page_id=415"},"modified":"2021-01-29T15:26:15","modified_gmt":"2021-01-29T14:26:15","slug":"zakres-uslug","status":"publish","type":"page","link":"https:\/\/stomatologia-siweccy.pl\/index.php\/zakres-uslug\/","title":{"rendered":"ZAKRES US\u0141UG"},"content":{"rendered":"\n<p><strong>Zakres oferowanych us\u0142ug:<\/strong><\/p>\n\n\n\n<p>&#8211; <strong>Profilaktyka<\/strong>:<br>&#8211; badanie jamy ustnej<br>&#8211; usuni\u0119cie kamienia naz\u0119bnego<br>&#8211; piaskowanie z\u0119b\u00f3w<br>&#8211; fluoryzacja<br>&#8211; wybielanie z\u0119b\u00f3w<\/p>\n\n\n\n<p><strong>&#8211; Stomatologia zachowawcza:<\/strong><br>&#8211; wype\u0142nienia z anatomicznym odtworzeniem bruzd i guzk\u00f3w w z\u0119bach bocznych<br>&#8211; odbudowa z\u0142amanych z\u0119b\u00f3w przednich technik\u0105 warstwowania<br>&#8211; opatrunki lecznicze<\/p>\n\n\n\n<p><strong>&#8211; Leczenie kana\u0142owe:<\/strong><br>&#8211; dewitalizacja<br>&#8211; trepanacja<br>&#8211; leczenie zaka\u017conych kana\u0142\u00f3w korzeniowych<br>&#8211; wype\u0142nienie kana\u0142\u00f3w korzeniowych<\/p>\n\n\n\n<p><strong>&#8211; Chirurgia stomatologiczna:<\/strong><br>&#8211; znieczulenia komputerowe &#8211; DENTAPEN<br>&#8211; usuwanie z\u0119b\u00f3w<br>&#8211; opatrunek chirurgiczny<br>&#8211; szycie z\u0119bodo\u0142u<\/p>\n\n\n\n<p><strong>&#8211; Stomatologia dzieci\u0119ca:<\/strong><br>&#8211; wizyta adaptacyjna<br>&#8211; impregnacja z\u0119b\u00f3w mlecznych<br>&#8211; lakierowanie z\u0119b\u00f3w mlecznych i sta\u0142ych<br>&#8211; lakowanie bruzd w \u015bwie\u017co wyr\u017cni\u0119tych z\u0119bach sta\u0142ych<br>&#8211; wype\u0142nienia i opatrunki lecznicze w z\u0119bach mlecznych<br>&#8211; usuni\u0119cie z\u0119b\u00f3w mlecznych<\/p>\n\n\n\n<p><strong>&#8211; Protetyka:<\/strong><br>&#8211; korony porcelanowe, cyrkonowo-ceramiczne, pe\u0142nokonturowe LAVA<br>&#8211; wk\u0142ady koronowo-korzeniowe<br>&#8211; protezy ruchome (akrylowe, elastyczne, bioacetalowe, szkieletowe)<br>&#8211; inlay \/ onlay<br>&#8211; szyny relaksacyjne<br><br><strong>&#8211; RTG:<\/strong><br>&#8211; radiowizjografia cyfrowa &#8211; PLANMECA<br>&#8211; zdj\u0119cia pantomograficzne &#8211; MYRAY-HYPERION X5<\/p>\n","protected":false},"excerpt":{"rendered":"<p>Zakres oferowanych us\u0142ug: &#8211; Profilaktyka:&#8211; badanie jamy ustnej&#8211; usuni\u0119cie kamienia naz\u0119bnego&#8211; piaskowanie z\u0119b\u00f3w&#8211; fluoryzacja&#8211; wybielanie z\u0119b\u00f3w &#8211; Stomatologia zachowawcza:&#8211; wype\u0142nienia z anatomicznym odtworzeniem bruzd i guzk\u00f3w w z\u0119bach bocznych&#8211; odbudowa z\u0142amanych z\u0119b\u00f3w przednich technik\u0105 warstwowania&#8211; &hellip;<\/p>\n","protected":false},"author":1,"featured_media":0,"parent":0,"menu_order":0,"comment_status":"closed","ping_status":"closed","template":"","meta":{"footnotes":""},"class_list":["post-415","page","type-page","status-publish","hentry"],"_links":{"self":[{"href":"https:\/\/stomatologia-siweccy.pl\/index.php\/wp-json\/wp\/v2\/pages\/415","targetHints":{"allow":["GET"]}}],"collection":[{"href":"https:\/\/stomatologia-siweccy.pl\/index.php\/wp-json\/wp\/v2\/pages"}],"about":[{"href":"https:\/\/stomatologia-siweccy.pl\/index.php\/wp-json\/wp\/v2\/types\/page"}],"author":[{"embeddable":true,"href":"https:\/\/stomatologia-siweccy.pl\/index.php\/wp-json\/wp\/v2\/users\/1"}],"replies":[{"embeddable":true,"href":"https:\/\/stomatologia-siweccy.pl\/index.php\/wp-json\/wp\/v2\/comments?post=415"}],"version-history":[{"count":4,"href":"https:\/\/stomatologia-siweccy.pl\/index.php\/wp-json\/wp\/v2\/pages\/415\/revisions"}],"predecessor-version":[{"id":485,"href":"https:\/\/stomatologia-siweccy.pl\/index.php\/wp-json\/wp\/v2\/pages\/415\/revisions\/485"}],"wp:attachment":[{"href":"https:\/\/stomatologia-siweccy.pl\/index.php\/wp-json\/wp\/v2\/media?parent=415"}],"curies":[{"name":"wp","href":"https:\/\/api.w.org\/{rel}","templated":true}]}}