{"id":210,"date":"2019-01-23T07:13:08","date_gmt":"2019-01-23T07:13:08","guid":{"rendered":"http:\/\/demo.sparklewpthemes.com\/medicalheed\/?page_id=114"},"modified":"2020-04-01T18:24:09","modified_gmt":"2020-04-01T16:24:09","slug":"about-us-3","status":"publish","type":"page","link":"https:\/\/stomatologia-siweccy.pl\/index.php\/about-us-3\/","title":{"rendered":"O nas"},"content":{"rendered":"\n<p>Dysponujemy nowoczesnym, certyfikowanym sprz\u0119tem do diagnozowania i leczenia stomatologicznego:<br>Radiowizjografia cyfrowa &#8211; do zdj\u0119\u0107 punktowych<br>Pantomogram Hyperion 5<br>Kamery wewn\u0105trzustne<br>Unity stomatologiczne Stern Weber<br>Endometry<br>Systemy do mechanicznego opracowania kana\u0142\u00f3w korzeniowych.<\/p>\n\n\n\n<p><strong>Zakres oferowanych us\u0142ug:<\/strong><br><br>&#8211; <strong>Profilaktyka<\/strong>:<br>   &#8211; badanie jamy ustnej<br>   &#8211; usuni\u0119cie kamienia naz\u0119bnego<br>   &#8211; piaskowanie z\u0119b\u00f3w<br>   &#8211; fluoryzacja<br>   &#8211; wybielanie z\u0119b\u00f3w<br><br><strong>&#8211; Stomatologia zachowawcza:<\/strong><br>   &#8211; wype\u0142nienia z anatomicznym odtworzeniem bruzd i guzk\u00f3w w z\u0119bach bocznych<br>   &#8211; odbudowa z\u0142amanych z\u0119b\u00f3w przednich technik\u0105 warstwowania<br>   &#8211; opatrunki lecznicze<br><br><strong>&#8211; Leczenie kana\u0142owe:<\/strong><br>   &#8211; dewitalizacja<br>   &#8211; tretanacja<br>   &#8211; leczenie zaka\u017conych kana\u0142\u00f3w korzeniowych<br>   &#8211; wype\u0142nienie kana\u0142\u00f3w korzeniowych<br><br><strong>&#8211; Chirurgia stomatologiczna:<\/strong><br>   &#8211; znieczulenia<br>   &#8211; usuwanie z\u0119b\u00f3w<br>   &#8211; opatrunek chirurgiczny<br>   &#8211; szycie z\u0119bodo\u0142u<br><br><strong>&#8211; Stomatologia dzieci\u0119ca:<\/strong><br>   &#8211; wizyta adaptacyjna<br>   &#8211; impregnacja z\u0119b\u00f3w mlecznych<br>   &#8211; lakierowanie z\u0119b\u00f3w mlecznych i sta\u0142ych<br>   &#8211; lakowanie bruzd w \u015bwie\u017co wyr\u017cni\u0119tych z\u0119bach sta\u0142ych<br>   &#8211; wype\u0142nienia i opatrunki lecznicze w z\u0119bach mlecznych<br>   &#8211; usuni\u0119cie z\u0119b\u00f3w mlecznych<br><br><strong>&#8211; Protetyka:<\/strong><br>   &#8211; korony porcelanowe, cyrkonowo-ceramiczne, pe\u0142nokonturowe LAVA<br>   &#8211; wk\u0142ady koronowo-korzeniowe<br>   &#8211; protezy ruchome (akrylowe, elastyczne, bioacetalowe, szkieletowe)<br>   &#8211; inlay \/ onlay<br>   &#8211; szyny relaksacyjne<\/p>\n\n\n\n<p><\/p>\n\n\n\n<p><\/p>\n","protected":false},"excerpt":{"rendered":"<p>Dysponujemy nowoczesnym, certyfikowanym sprz\u0119tem do diagnozowania i leczenia stomatologicznego:Radiowizjografia cyfrowa &#8211; do zdj\u0119\u0107 punktowychPantomogram Hyperion 5Kamery wewn\u0105trzustneUnity stomatologiczne Stern WeberEndometrySystemy do mechanicznego opracowania kana\u0142\u00f3w korzeniowych. Zakres oferowanych us\u0142ug: &#8211; Profilaktyka: &#8211; badanie jamy ustnej &#8211; &hellip;<\/p>\n","protected":false},"author":2,"featured_media":115,"parent":0,"menu_order":0,"comment_status":"closed","ping_status":"closed","template":"","meta":{"footnotes":""},"class_list":["post-210","page","type-page","status-publish","has-post-thumbnail","hentry"],"_links":{"self":[{"href":"https:\/\/stomatologia-siweccy.pl\/index.php\/wp-json\/wp\/v2\/pages\/210","targetHints":{"allow":["GET"]}}],"collection":[{"href":"https:\/\/stomatologia-siweccy.pl\/index.php\/wp-json\/wp\/v2\/pages"}],"about":[{"href":"https:\/\/stomatologia-siweccy.pl\/index.php\/wp-json\/wp\/v2\/types\/page"}],"author":[{"embeddable":true,"href":"https:\/\/stomatologia-siweccy.pl\/index.php\/wp-json\/wp\/v2\/users\/2"}],"replies":[{"embeddable":true,"href":"https:\/\/stomatologia-siweccy.pl\/index.php\/wp-json\/wp\/v2\/comments?post=210"}],"version-history":[{"count":4,"href":"https:\/\/stomatologia-siweccy.pl\/index.php\/wp-json\/wp\/v2\/pages\/210\/revisions"}],"predecessor-version":[{"id":412,"href":"https:\/\/stomatologia-siweccy.pl\/index.php\/wp-json\/wp\/v2\/pages\/210\/revisions\/412"}],"wp:featuredmedia":[{"embeddable":true,"href":"https:\/\/stomatologia-siweccy.pl\/index.php\/wp-json\/wp\/v2\/media\/115"}],"wp:attachment":[{"href":"https:\/\/stomatologia-siweccy.pl\/index.php\/wp-json\/wp\/v2\/media?parent=210"}],"curies":[{"name":"wp","href":"https:\/\/api.w.org\/{rel}","templated":true}]}}